{"id":15022,"date":"2022-02-13T20:49:37","date_gmt":"2022-02-14T01:49:37","guid":{"rendered":"https:\/\/www.vivianabotero.com\/?page_id=15022"},"modified":"2022-04-13T19:12:27","modified_gmt":"2022-04-14T00:12:27","slug":"nosotros","status":"publish","type":"page","link":"https:\/\/www.vivianabotero.com\/index.php\/nosotros\/","title":{"rendered":"Nosotros"},"content":{"rendered":"<div class=\"wpb-content-wrapper\"><p>[vc_row el_class=&#8221;map&#8221;][vc_column][vc_custom_heading text=&#8221;Viviana Botero\u00ae 100% Colombiano&#8221; font_container=&#8221;tag:h2|font_size:14px|text_align:center|color:%23333333|line_height:24px&#8221; use_theme_fonts=&#8221;&#8221; google_fonts=&#8221;font_family:Work%20Sans%3A100%2C200%2C300%2Cregular%2C500%2C600%2C700%2C800%2C900|font_style:500%20medium%20regular%3A500%3Anormal&#8221; letter_spacing=&#8221;&#8221; el_class=&#8221;ls-1&#8243; css=&#8221;.vc_custom_1644805014884{margin-top: 0px !important;}&#8221;][vc_custom_heading text=&#8221;\u00a1Orgullosamente mujer!&#8221; font_container=&#8221;tag:h2|font_size:48px|text_align:center|color:%23333333|line_height:64px&#8221; use_theme_fonts=&#8221;&#8221; google_fonts=&#8221;font_family:Work%20Sans%3A100%2C200%2C300%2Cregular%2C500%2C600%2C700%2C800%2C900|font_style:400%20regular%3A400%3Anormal&#8221; css=&#8221;.vc_custom_1644888971040{margin-top: 25px !important;margin-bottom: 25px !important;}&#8221;][vc_column_text]<\/p>\n<p class=\"p1\" style=\"text-align: center; letter-spacing: 0.5px; color: #7e7e7e; line-height: 26px;\">Viviana Botero\u00ae nace del sue\u00f1o de una mujer Colombiana apasionada por el dise\u00f1o que decidi\u00f3 un d\u00eda crear vestidos de ba\u00f1os y ropa interior femenina con dise\u00f1os exclusivos y productos 100% colombianos de excelente calidad, adoptando las tendencias y estilos del mercado.<br \/>\nCon una mentalidad emprendedora y con el cielo como l\u00edmite, le ha permitido a su creadora tomar riesgos con la marca, permiti\u00e9ndole maneras creativas de expresar la esencia de su pensamiento con un enfoque hacia la mujer global.<br \/>\nLos dise\u00f1o de Viviana Botero\u00ae son el resultado de la pasi\u00f3n de su dise\u00f1adora y la originalidad del trabajo 100% colombiano puestos en cada una de sus piezas.<\/p>\n<p>[\/vc_column_text][vc_row_inner][vc_column_inner width=&#8221;1\/12&#8243;][vc_custom_heading text=&#8221;VBotero | Store&#8221; font_container=&#8221;tag:h3|font_size:14px|text_align:center|color:%23333333|line_height:24px&#8221; use_theme_fonts=&#8221;&#8221; google_fonts=&#8221;font_family:Work%20Sans%3A100%2C200%2C300%2Cregular%2C500%2C600%2C700%2C800%2C900|font_style:500%20medium%20regular%3A500%3Anormal&#8221; letter_spacing=&#8221;&#8221; el_class=&#8221;ls-1 vertical-text&#8221; css=&#8221;.vc_custom_1644873106619{margin-top: 0px !important;margin-bottom: 0px !important;}&#8221; link=&#8221;url:%23|||&#8221;][\/vc_column_inner][vc_column_inner width=&#8221;10\/12&#8243; css=&#8221;.vc_custom_1644873583699{background-image: url(https:\/\/www.vivianabotero.com\/wp-content\/uploads\/2022\/02\/about_img1.jpg?id=15030) !important;background-position: center !important;background-repeat: no-repeat !important;background-size: cover !important;}&#8221;][lezada_space height=&#8221;150&#8243; height_lg=&#8221;120&#8243; height_md=&#8221;100&#8243; height_sm=&#8221;80&#8243; height_xs=&#8221;50&#8243;][vc_custom_heading text=&#8221;Nuestra Historia&#8221; font_container=&#8221;tag:h2|font_size:40px|text_align:center|color:%23ffffff|line_height:43px&#8221; use_theme_fonts=&#8221;&#8221; google_fonts=&#8221;font_family:Work%20Sans%3A100%2C200%2C300%2Cregular%2C500%2C600%2C700%2C800%2C900|font_style:500%20medium%20regular%3A500%3Anormal&#8221; css_animation=&#8221;fadeInUp&#8221; el_class=&#8221;ls-12&#8243;][lezada_space height=&#8221;150&#8243; height_lg=&#8221;120&#8243; height_md=&#8221;100&#8243; height_sm=&#8221;80&#8243; height_xs=&#8221;50&#8243;][\/vc_column_inner][vc_column_inner width=&#8221;1\/12&#8243;][vc_custom_heading text=&#8221;Nuesta historia&#8221; font_container=&#8221;tag:h3|font_size:14px|text_align:center|color:%23333333|line_height:24px&#8221; use_theme_fonts=&#8221;&#8221; google_fonts=&#8221;font_family:Work%20Sans%3A100%2C200%2C300%2Cregular%2C500%2C600%2C700%2C800%2C900|font_style:500%20medium%20regular%3A500%3Anormal&#8221; letter_spacing=&#8221;&#8221; el_class=&#8221;ls-1 vertical-text&#8221; css=&#8221;.vc_custom_1644873126994{margin-top: 0px !important;margin-bottom: 0px !important;margin-left: -20px !important;}&#8221; link=&#8221;url:%23|||&#8221;][\/vc_column_inner][\/vc_row_inner][lezada_space height=&#8221;50&#8243; height_lg=&#8221;40&#8243; height_md=&#8221;30&#8243; height_sm=&#8221;20&#8243; height_xs=&#8221;20&#8243;][vc_row_inner][vc_column_inner width=&#8221;1\/12&#8243;][\/vc_column_inner][vc_column_inner width=&#8221;5\/12&#8243;][vc_column_text]<\/p>\n<h2 style=\"font-size: 14px; line-height: 24px; letter-spacing: 1px; font-weight: 500; color: #333333; margin-top: 0;\">UBICACI\u00d3N:<\/h2>\n<p style=\"font-size: 15px; line-height: 26px; font-weight: 400; color: #7e7e7e;\">Bogot\u00e1 | Colombia<\/p>\n<h2 style=\"font-size: 14px; line-height: 24px; letter-spacing: 1px; font-weight: 500; color: #333333;\">WHATSAPP<\/h2>\n<p style=\"font-size: 15px; line-height: 26px; font-weight: 400; color: #7e7e7e;\">Store: (+57) 302 283 74 90<\/p>\n<h2 style=\"font-size: 14px; line-height: 24px; letter-spacing: 1px; font-weight: 500; color: #333333;\">CORREO ELECTR\u00d3NICO<\/h2>\n<p style=\"font-size: 15px; line-height: 26px; font-weight: 400; color: #7e7e7e;\">contact@<strong>vivianabotero<\/strong>.com<\/p>\n<p>[\/vc_column_text][\/vc_column_inner][vc_column_inner width=&#8221;5\/12&#8243;][vc_column_text]<\/p>\n<p class=\"p1\" style=\"letter-spacing: 0.5px; color: #7e7e7e; line-height: 26px;\"><em>Nos apasiona crear prendas que cuenten peque\u00f1as historias, que sean capaces de conectar nuestra marca con nuestros clientes y con nuestro entorno. Creemos firmemente en el poder que las cosas bien hechas, hechas con el alma tienen la capacidad de transformar y hacer un mundo mejor a trav\u00e9s de cada una de ellas. <\/em><\/p>\n<p class=\"p1\" style=\"letter-spacing: 0.5px; color: #7e7e7e; line-height: 26px; text-align: right;\"><strong><em>Viviana Botero<\/em><\/strong><\/p>\n<p>[\/vc_column_text][lezada_button style=&#8221;custom&#8221; font_size=&#8221;14&#8243; add_icon=&#8221;yes&#8221; type=&#8221;ionicons&#8221; icon_ionicons=&#8221;ion-plus&#8221; button_bg_color=&#8221;#333333&#8243; button_bg_color_hover=&#8221;&#8221; font_color=&#8221;#ffffff&#8221; font_color_hover=&#8221;#333333&#8243; button_border_color=&#8221;#333333&#8243; button_border_color_hover=&#8221;#333333&#8243; text=&#8221;ONLINE STORE&#8221;][\/vc_column_inner][vc_column_inner width=&#8221;1\/12&#8243;][\/vc_column_inner][\/vc_row_inner][lezada_space height=&#8221;100&#8243; height_lg=&#8221;100&#8243; height_md=&#8221;80&#8243; height_sm=&#8221;70&#8243; height_xs=&#8221;50&#8243;][\/vc_column][\/vc_row][vc_row full_width=&#8221;stretch_row&#8221; disable_element=&#8221;yes&#8221; css=&#8221;.vc_custom_1644874760637{background-image: url(https:\/\/lezadaa.thememove.com\/wp-content\/uploads\/2018\/02\/bg-testimonials.png?id=1825) !important;background-position: center !important;background-repeat: no-repeat !important;background-size: cover !important;}&#8221;][vc_column css=&#8221;.vc_custom_1517819560986{padding-top: 0px !important;}&#8221;][lezada_space height=&#8221;100&#8243; height_lg=&#8221;100&#8243; height_md=&#8221;80&#8243; height_sm=&#8221;70&#8243; height_xs=&#8221;50&#8243;][vc_custom_heading text=&#8221;Testimonials&#8221; font_container=&#8221;tag:h2|font_size:48px|text_align:center|color:%23333333|line_height:64px&#8221; use_theme_fonts=&#8221;&#8221; google_fonts=&#8221;font_family:Work%20Sans%3A100%2C200%2C300%2Cregular%2C500%2C600%2C700%2C800%2C900|font_style:400%20regular%3A400%3Anormal&#8221; css=&#8221;.vc_custom_1526547382560{margin-top: 0px !important;margin-bottom: 0px !important;}&#8221;][lezada_space height=&#8221;70&#8243; height_lg=&#8221;70&#8243; height_md=&#8221;50&#8243; height_sm=&#8221;30&#8243; height_xs=&#8221;30&#8243;][lezada_testimonial_carousel style_testimonial=&#8221;multiple&#8221; item_count=&#8221;-1&#8243; items_to_show=&#8221;3&#8243;][lezada_space height=&#8221;100&#8243; height_lg=&#8221;100&#8243; height_md=&#8221;80&#8243; height_sm=&#8221;70&#8243; height_xs=&#8221;50&#8243;][\/vc_column][\/vc_row][vc_row full_width=&#8221;stretch_row_content&#8221; disable_element=&#8221;yes&#8221; css=&#8221;.vc_custom_1644886559582{background-position: center !important;background-repeat: no-repeat !important;background-size: cover !important;}&#8221; el_class=&#8221;brands-row&#8221;][vc_column css=&#8221;.vc_custom_1517819560986{padding-top: 0px !important;}&#8221;][lezada_space height=&#8221;100&#8243; height_lg=&#8221;100&#8243; height_md=&#8221;80&#8243; height_sm=&#8221;70&#8243; height_xs=&#8221;50&#8243;][vc_custom_heading text=&#8221;Our brands&#8221; font_container=&#8221;tag:h2|font_size:48px|text_align:center|color:%23333333|line_height:64px&#8221; use_theme_fonts=&#8221;&#8221; google_fonts=&#8221;font_family:Work%20Sans%3A100%2C200%2C300%2Cregular%2C500%2C600%2C700%2C800%2C900|font_style:400%20regular%3A400%3Anormal&#8221; css=&#8221;.vc_custom_1526547417413{margin-top: 0px !important;margin-bottom: 0px !important;}&#8221;][lezada_space height=&#8221;70&#8243; height_lg=&#8221;70&#8243; height_md=&#8221;50&#8243; height_sm=&#8221;30&#8243; height_xs=&#8221;30&#8243;]\r\n\t\t\t\t<div class=\"wb-row wb-thumb-wrapper wb-thumb-671 wb-thumb-style1 wb-car-no\">\r\n\t\t\t\t\t<div class=\"wb-col-xs-12 wb-col-sm-4 wb-col-md-2\">\r\n\t\t\t\t\t\t<div class=\"wb-thumb-cnt\" rel=\"tipsy\" title=\"Burberry\">\r\n\t\t\t\t\t\t\t<a href=\"https:\/\/www.vivianabotero.com\/index.php\/brand\/burberry\/\" >\r\n\t\t\t\t\t\t\t\t<img decoding=\"async\" src=\"https:\/\/www.vivianabotero.com\/wp-content\/uploads\/2018\/01\/brand-4.png\" alt=\"Burberry\" \/>\r\n\t\t\t\t\t\t\t<\/a>\t\t\r\n\t\t\t\t\t<\/div>\r\n\t\t\t\t<\/div>\r\n\t\t\t\t\t<div class=\"wb-col-xs-12 wb-col-sm-4 wb-col-md-2\">\r\n\t\t\t\t\t\t<div class=\"wb-thumb-cnt\" rel=\"tipsy\" title=\"Catmen\">\r\n\t\t\t\t\t\t\t<a href=\"https:\/\/www.vivianabotero.com\/index.php\/brand\/catmen\/\" >\r\n\t\t\t\t\t\t\t\t<img decoding=\"async\" src=\"https:\/\/www.vivianabotero.com\/wp-content\/uploads\/2018\/01\/brand-6.png\" alt=\"Catmen\" \/>\r\n\t\t\t\t\t\t\t<\/a>\t\t\r\n\t\t\t\t\t<\/div>\r\n\t\t\t\t<\/div>\r\n\t\t\t\t\t<div class=\"wb-col-xs-12 wb-col-sm-4 wb-col-md-2\">\r\n\t\t\t\t\t\t<div class=\"wb-thumb-cnt\" rel=\"tipsy\" title=\"Houdini\">\r\n\t\t\t\t\t\t\t<a href=\"https:\/\/www.vivianabotero.com\/index.php\/brand\/houdini\/\" >\r\n\t\t\t\t\t\t\t\t<img decoding=\"async\" src=\"https:\/\/www.vivianabotero.com\/wp-content\/uploads\/2018\/01\/brand-1.png\" alt=\"Houdini\" \/>\r\n\t\t\t\t\t\t\t<\/a>\t\t\r\n\t\t\t\t\t<\/div>\r\n\t\t\t\t<\/div>\r\n\t\t\t\t\t<div class=\"wb-col-xs-12 wb-col-sm-4 wb-col-md-2\">\r\n\t\t\t\t\t\t<div class=\"wb-thumb-cnt\" rel=\"tipsy\" title=\"Love\">\r\n\t\t\t\t\t\t\t<a href=\"https:\/\/www.vivianabotero.com\/index.php\/brand\/love\/\" >\r\n\t\t\t\t\t\t\t\t<img decoding=\"async\" src=\"https:\/\/www.vivianabotero.com\/wp-content\/uploads\/2018\/01\/brand-8.png\" alt=\"Love\" \/>\r\n\t\t\t\t\t\t\t<\/a>\t\t\r\n\t\t\t\t\t<\/div>\r\n\t\t\t\t<\/div>\r\n\t\t\t\t\t<div class=\"wb-col-xs-12 wb-col-sm-4 wb-col-md-2\">\r\n\t\t\t\t\t\t<div class=\"wb-thumb-cnt\" rel=\"tipsy\" title=\"Made\">\r\n\t\t\t\t\t\t\t<a href=\"https:\/\/www.vivianabotero.com\/index.php\/brand\/made\/\" >\r\n\t\t\t\t\t\t\t\t<img decoding=\"async\" src=\"https:\/\/www.vivianabotero.com\/wp-content\/uploads\/2018\/01\/brand-5.png\" alt=\"Made\" \/>\r\n\t\t\t\t\t\t\t<\/a>\t\t\r\n\t\t\t\t\t<\/div>\r\n\t\t\t\t<\/div><\/div>\r\n\t\t\t[lezada_space height=&#8221;100&#8243; height_lg=&#8221;100&#8243; height_md=&#8221;80&#8243; height_sm=&#8221;70&#8243; height_xs=&#8221;50&#8243;][\/vc_column][\/vc_row]<\/p>\n<\/div>","protected":false},"excerpt":{"rendered":"<p>[vc_row el_class=&#8221;map&#8221;][vc_column][vc_custom_heading text=&#8221;Viviana Botero\u00ae 100% Colombiano&#8221; font_container=&#8221;tag:h2|font_size:14px|text_align:center|color:%23333333|line_height:24px&#8221; use_theme_fonts=&#8221;&#8221; google_fonts=&#8221;font_family:Work%20Sans%3A100%2C200%2C300%2Cregular%2C500%2C600%2C700%2C800%2C900|font_style:500%20medium%20regular%3A500%3Anormal&#8221; letter_spacing=&#8221;&#8221; el_class=&#8221;ls-1&#8243; css=&#8221;.vc_custom_1644805014884{margin-top: 0px !important;}&#8221;][vc_custom_heading text=&#8221;\u00a1Orgullosamente mujer!&#8221; font_container=&#8221;tag:h2|font_size:48px|text_align:center|color:%23333333|line_height:64px&#8221; use_theme_fonts=&#8221;&#8221; google_fonts=&#8221;font_family:Work%20Sans%3A100%2C200%2C300%2Cregular%2C500%2C600%2C700%2C800%2C900|font_style:400%20regular%3A400%3Anormal&#8221; css=&#8221;.vc_custom_1644888971040{margin-top: 25px !important;margin-bottom: 25px !important;}&#8221;][vc_column_text] Viviana Botero\u00ae nace del sue\u00f1o de una mujer Colombiana apasionada por el dise\u00f1o que decidi\u00f3 un d\u00eda crear vestidos de ba\u00f1os y ropa interior femenina con dise\u00f1os exclusivos y productos 100% [&hellip;]<\/p>\n","protected":false},"author":1,"featured_media":0,"parent":0,"menu_order":0,"comment_status":"closed","ping_status":"closed","template":"","meta":{"footnotes":""},"class_list":["post-15022","page","type-page","status-publish","hentry"],"_links":{"self":[{"href":"https:\/\/www.vivianabotero.com\/index.php\/wp-json\/wp\/v2\/pages\/15022","targetHints":{"allow":["GET"]}}],"collection":[{"href":"https:\/\/www.vivianabotero.com\/index.php\/wp-json\/wp\/v2\/pages"}],"about":[{"href":"https:\/\/www.vivianabotero.com\/index.php\/wp-json\/wp\/v2\/types\/page"}],"author":[{"embeddable":true,"href":"https:\/\/www.vivianabotero.com\/index.php\/wp-json\/wp\/v2\/users\/1"}],"replies":[{"embeddable":true,"href":"https:\/\/www.vivianabotero.com\/index.php\/wp-json\/wp\/v2\/comments?post=15022"}],"version-history":[{"count":24,"href":"https:\/\/www.vivianabotero.com\/index.php\/wp-json\/wp\/v2\/pages\/15022\/revisions"}],"predecessor-version":[{"id":15282,"href":"https:\/\/www.vivianabotero.com\/index.php\/wp-json\/wp\/v2\/pages\/15022\/revisions\/15282"}],"wp:attachment":[{"href":"https:\/\/www.vivianabotero.com\/index.php\/wp-json\/wp\/v2\/media?parent=15022"}],"curies":[{"name":"wp","href":"https:\/\/api.w.org\/{rel}","templated":true}]}}